{"id":144,"date":"2021-04-14T18:25:25","date_gmt":"2021-04-14T16:25:25","guid":{"rendered":"https:\/\/activ974.org\/?post_type=product&#038;p=144"},"modified":"2021-04-14T18:25:49","modified_gmt":"2021-04-14T16:25:49","slug":"combi-short-2-couleurs","status":"publish","type":"product","link":"https:\/\/activ974.org\/?product=combi-short-2-couleurs","title":{"rendered":"Combi-Short 2 couleurs"},"content":{"rendered":"<p>Combi-short en coton 2 couleurs<\/p>\n<p>Haut : Bretelles r\u00e9glables<\/p>\n<p>Bas : Short avec 2 poches<\/p>\n<p>Ceintures \u00e9lastique ajustable avec cordon \u00e0 nouer<\/p>\n","protected":false},"excerpt":{"rendered":"<p><strong>Combi-short en coton<\/strong> : Haut \u00e0 bretelles r\u00e9glables &#8211; Bas : 2 poches &#8211; Ceinture ajustable \u00e0 nouer<\/p>\n","protected":false},"featured_media":145,"template":"","meta":[],"product_brand":[],"product_cat":[17],"product_tag":[],"class_list":{"0":"post-144","1":"product","2":"type-product","3":"status-publish","4":"has-post-thumbnail","6":"product_cat-textile-vetement","7":"entry","9":"first","10":"instock","11":"shipping-taxable","12":"purchasable","13":"product-type-simple"},"jetpack_sharing_enabled":true,"_links":{"self":[{"href":"https:\/\/activ974.org\/index.php?rest_route=\/wp\/v2\/product\/144","targetHints":{"allow":["GET"]}}],"collection":[{"href":"https:\/\/activ974.org\/index.php?rest_route=\/wp\/v2\/product"}],"about":[{"href":"https:\/\/activ974.org\/index.php?rest_route=\/wp\/v2\/types\/product"}],"wp:featuredmedia":[{"embeddable":true,"href":"https:\/\/activ974.org\/index.php?rest_route=\/wp\/v2\/media\/145"}],"wp:attachment":[{"href":"https:\/\/activ974.org\/index.php?rest_route=%2Fwp%2Fv2%2Fmedia&parent=144"}],"wp:term":[{"taxonomy":"product_brand","embeddable":true,"href":"https:\/\/activ974.org\/index.php?rest_route=%2Fwp%2Fv2%2Fproduct_brand&post=144"},{"taxonomy":"product_cat","embeddable":true,"href":"https:\/\/activ974.org\/index.php?rest_route=%2Fwp%2Fv2%2Fproduct_cat&post=144"},{"taxonomy":"product_tag","embeddable":true,"href":"https:\/\/activ974.org\/index.php?rest_route=%2Fwp%2Fv2%2Fproduct_tag&post=144"}],"curies":[{"name":"wp","href":"https:\/\/api.w.org\/{rel}","templated":true}]}}